{"id":1382,"date":"2022-02-24T14:11:37","date_gmt":"2022-02-24T12:11:37","guid":{"rendered":"https:\/\/tinker-project.eu\/home\/"},"modified":"2024-08-01T14:49:50","modified_gmt":"2024-08-01T12:49:50","slug":"home","status":"publish","type":"page","link":"https:\/\/tinker-project.eu\/hr\/","title":{"rendered":"Po\u010detna"},"content":{"rendered":"<div>\n<p>        <img decoding=\"async\" src=\"\/wp-content\/uploads\/2024\/04\/plant-1.svg\" alt=\"\"><\/p>\n<h2>TINKER<\/h2>\n<div>\n<p>Unaprje\u0111enje pou\u010davanja informatike za poticanje autenti\u010dnog u\u010denja i rodne uklju\u010divosti u tom podru\u010dju<\/p>\n<\/div>\n<p><a href=\"\/hr\/about\/\">Pro\u010ditajte vi\u0161e<\/a><\/p>\n<\/div>\n<p><img decoding=\"async\" src=\"\/wp-content\/uploads\/2024\/04\/hero-illu1.svg\" alt=\"Welcome to TINKER project\"><\/p>\n<h3>Izvori<\/h3>\n<ul>\n<li>\n<p><img decoding=\"async\" src=\"\/wp-content\/uploads\/2024\/04\/framework-toolkit.svg\" alt=\"framework and toolkit\"><\/p>\n<h3>TINKER radni okvir i alati<\/h3>\n<p><a href=\"\/hr\/resources\/framework-and-toolkit\">Read more<\/a><\/p>\n<\/li>\n<li>\n<p><img decoding=\"async\" src=\"\/wp-content\/uploads\/2024\/04\/transnational-report.svg\" alt=\"transnational-report\"><\/p>\n<h3>Transnacionalno izvje\u0161\u0107e o stanju i potrebama<\/h3>\n<p><a href=\"\/hr\/resources\/transnational-report-on-state-of-the-art-and-needs\/\">Read more<\/a><\/p>\n<\/li>\n<li>\n<p><img decoding=\"async\" src=\"\/wp-content\/uploads\/2024\/04\/trainers-handbook.svg\" alt=\"trainers-handbook\"><\/p>\n<h3>TINKER priru\u010dnik za trenere<\/h3>\n<p><a href=\"\/hr\/resources\/tinker-trainers-handbook\">Read more<\/a><\/p>\n<\/li>\n<li>\n<p><img decoding=\"async\" src=\"\/wp-content\/uploads\/2024\/04\/TINKER-training-courses.svg\" alt=\"TINKER training courses\"><\/p>\n<h3>TINKER te\u010dajevi<\/h3>\n<p><a href=\"\/hr\/resources\/tinker-training-courses\">Read more<\/a><\/p>\n<\/li>\n<li>\n<p><img decoding=\"async\" src=\"\/wp-content\/uploads\/2024\/04\/TINKER_digital_repository-1.svg\" alt=\"TINKER_digital_repository\"><\/p>\n<h3>TINKER digitalni repozitorij<\/h3>\n<p><a href=\"\/hr\/resources\/tinker-digital-repository\">Read more<\/a><\/p>\n<\/li>\n<li>\n<p><img decoding=\"async\" src=\"\/wp-content\/uploads\/2024\/04\/Policy-and-practice-infomatics-1.svg\" alt=\"Policy-and-practice-informatics\"><\/p>\n<h3>Akcijski planovi politika i praksi informati\u010dkog obrazovanja<\/h3>\n<p><a href=\"\/hr\/resources\/policy-and-practice-informatics-education-action-plans\">Read more<\/a><\/p>\n<\/li>\n<\/ul>\n<p>\n    <a href=\"\/hr\/resources\/\">Pogledaj sve<\/a>\n<\/p>\n<p><!--more--><br \/>\n<!-- {\"type\":\"layout\",\"children\":[{\"type\":\"section\",\"props\":{\"animation\":\"fade\",\"animation_delay\":\"300\",\"css\":\".el-section {\\n}\",\"image_position\":\"center-center\",\"padding_remove_bottom\":true,\"style\":\"default\",\"title_breakpoint\":\"xl\",\"title_position\":\"top-left\",\"title_rotation\":\"left\",\"vertical_align\":\"middle\",\"width\":\"large\"},\"children\":[{\"type\":\"row\",\"children\":[{\"type\":\"column\",\"props\":{\"image_position\":\"center-center\",\"position_sticky_breakpoint\":\"m\"},\"children\":[{\"type\":\"panel\",\"props\":{\"block_align\":\"center\",\"content\":\"\n\n<p>Unaprje\\u0111enje pou\\u010davanja informatike za poticanje autenti\\u010dnog u\\u010denja i rodne uklju\\u010divosti u tom podru\\u010dju<\\\/p>\",\"content_column_breakpoint\":\"m\",\"content_style\":\"text-lead\",\"css\":\".el-image {\\n    position: absolute;\\n    bottom: -4rem;\\n    right: 0;\\n\\tmax-width: 8.5rem;\\n}\\n.el-title::after {\\n\\tcontent: url('\\\/wp-content\\\/uploads\\\/2024\\\/04\\\/headerReturnIcon.svg');\\n\\tposition: absolute;\\n\\ttransform: translateX(10px);\\n}\\n@media only screen and (max-width: 1000px) {\\n    .el-image {display: none;}\\n}\",\"icon_width\":80,\"image\":\"wp-content\\\/uploads\\\/2024\\\/04\\\/plant-1.svg\",\"image_align\":\"top\",\"image_grid_breakpoint\":\"m\",\"image_grid_width\":\"1-2\",\"image_svg_color\":\"emphasis\",\"link\":\"hr\\\/about\\\/\",\"link_style\":\"text\",\"link_text\":\"Pro\\u010ditajte vi\\u0161e\",\"margin\":\"default\",\"maxwidth\":\"2xlarge\",\"meta_align\":\"below-title\",\"meta_element\":\"div\",\"meta_style\":\"text-meta\",\"panel_padding\":\"default\",\"panel_style\":\"card-default\",\"text_align\":\"center\",\"title\":\"TINKER\",\"title_align\":\"top\",\"title_element\":\"h2\",\"title_grid_breakpoint\":\"m\",\"title_grid_width\":\"1-2\",\"title_hover_style\":\"reset\",\"title_style\":\"heading-small\"}}]}],\"props\":{\"width\":\"small\"}}]},{\"type\":\"section\",\"props\":{\"animation_delay\":\"300\",\"css\":\"@media only screen and (max-width: 960px) {\\n    .el-section {\\n        display: none;\\n    }\\n}\",\"image_position\":\"top-left\",\"media_focal_point\":\"top-left\",\"padding_remove_bottom\":true,\"padding_remove_top\":false,\"style\":\"default\",\"title_breakpoint\":\"xl\",\"title_position\":\"top-left\",\"title_rotation\":\"left\",\"vertical_align\":\"middle\",\"width\":\"default\"},\"children\":[{\"type\":\"row\",\"props\":{\"width\":\"xlarge\"},\"children\":[{\"type\":\"column\",\"props\":{\"image_position\":\"center-center\",\"position_sticky_breakpoint\":\"m\"},\"children\":[{\"type\":\"image\",\"props\":{\"block_align\":\"center\",\"image\":\"wp-content\\\/uploads\\\/2024\\\/04\\\/hero-illu1.svg\",\"image_alt\":\"Welcome to TINKER project\",\"image_focal_point\":\"top-center\",\"image_svg_color\":\"emphasis\",\"margin\":\"default\",\"maxwidth\":\"2xlarge\",\"text_align\":\"center\"}}]}]}]},{\"type\":\"section\",\"props\":{\"animation\":\"slide-bottom-medium\",\"animation_delay\":\"300\",\"image_position\":\"center-center\",\"style\":\"default\",\"title_breakpoint\":\"xl\",\"title_position\":\"top-left\",\"title_rotation\":\"left\",\"vertical_align\":\"middle\",\"width\":\"large\"},\"children\":[{\"type\":\"row\",\"children\":[{\"type\":\"column\",\"props\":{\"image_position\":\"center-center\",\"position_sticky_breakpoint\":\"m\"},\"children\":[{\"type\":\"headline\",\"props\":{\"content\":\"Izvori\",\"css\":\".el-element::after {\\n\\tcontent: url('\\\/wp-content\\\/uploads\\\/2024\\\/04\\\/headerReturnIcon.svg');\\n\\tposition: absolute;\\n\\ttransform: translateX(12px);\\n    \\n}\",\"text_align\":\"center\",\"title_element\":\"h3\",\"title_style\":\"heading-small\"}},{\"type\":\"panel-slider\",\"props\":{\"animation\":\"slide-bottom-medium\",\"block_align\":\"center\",\"class\":\"th--resourcesSlider\",\"content_column_breakpoint\":\"m\",\"css\":\".el-link {\\n    display: none;\\n}\\n.el-title {\\n\\ttext-transform: none;\\n}\",\"icon_width\":80,\"image_align\":\"bottom\",\"image_grid_breakpoint\":\"m\",\"image_grid_width\":\"1-2\",\"image_svg_color\":\"emphasis\",\"link_style\":\"default\",\"link_text\":\"Read more\",\"margin\":\"default\",\"meta_align\":\"below-title\",\"meta_element\":\"div\",\"meta_style\":\"text-meta\",\"nav\":\"dotnav\",\"nav_align\":\"center\",\"nav_breakpoint\":\"\",\"nav_margin\":\"medium\",\"panel_card_offset\":true,\"panel_link\":true,\"panel_match\":true,\"panel_padding\":\"default\",\"panel_style\":\"card-default\",\"show_content\":false,\"show_image\":true,\"show_link\":true,\"show_meta\":true,\"show_title\":true,\"slidenav\":\"outside\",\"slidenav_breakpoint\":\"m\",\"slidenav_large\":true,\"slidenav_margin\":\"small\",\"slidenav_outside_breakpoint\":\"s\",\"slider_autoplay\":true,\"slider_autoplay_pause\":true,\"slider_center\":true,\"slider_finite\":true,\"slider_gap\":\"default\",\"slider_sets\":true,\"slider_width\":\"fixed\",\"slider_width_default\":\"4-5\",\"slider_width_large\":\"1-3\",\"slider_width_medium\":\"1-2\",\"slider_width_small\":\"3-5\",\"slider_width_xlarge\":\"1-3\",\"text_align\":\"left\",\"title_align\":\"top\",\"title_element\":\"h3\",\"title_grid_breakpoint\":\"m\",\"title_grid_width\":\"1-2\",\"title_hover_style\":\"reset\",\"title_style\":\"text-large\"},\"children\":[{\"type\":\"panel-slider_item\",\"props\":{\"image\":\"wp-content\\\/uploads\\\/2024\\\/04\\\/framework-toolkit.svg\",\"image_alt\":\"framework and toolkit\",\"link\":\"hr\\\/resources\\\/framework-and-toolkit\",\"title\":\"TINKER radni okvir i alati\"}},{\"type\":\"panel-slider_item\",\"props\":{\"image\":\"wp-content\\\/uploads\\\/2024\\\/04\\\/transnational-report.svg\",\"image_alt\":\"transnational-report\",\"link\":\"hr\\\/resources\\\/transnational-report-on-state-of-the-art-and-needs\\\/\",\"title\":\"Transnacionalno izvje\\u0161\\u0107e o stanju i potrebama\"}},{\"type\":\"panel-slider_item\",\"props\":{\"image\":\"wp-content\\\/uploads\\\/2024\\\/04\\\/trainers-handbook.svg\",\"image_alt\":\"trainers-handbook\",\"link\":\"hr\\\/resources\\\/tinker-trainers-handbook\",\"title\":\"TINKER priru\\u010dnik za trenere\"}},{\"type\":\"panel-slider_item\",\"props\":{\"image\":\"wp-content\\\/uploads\\\/2024\\\/04\\\/TINKER-training-courses.svg\",\"image_alt\":\"TINKER training courses\",\"link\":\"hr\\\/resources\\\/tinker-training-courses\",\"title\":\"TINKER te\\u010dajevi\"}},{\"type\":\"panel-slider_item\",\"props\":{\"image\":\"wp-content\\\/uploads\\\/2024\\\/04\\\/TINKER_digital_repository-1.svg\",\"image_alt\":\"TINKER_digital_repository\",\"link\":\"hr\\\/resources\\\/tinker-digital-repository\",\"title\":\"TINKER digitalni repozitorij\"}},{\"type\":\"panel-slider_item\",\"props\":{\"image\":\"wp-content\\\/uploads\\\/2024\\\/04\\\/Policy-and-practice-infomatics-1.svg\",\"image_alt\":\"Policy-and-practice-informatics\",\"link\":\"hr\\\/resources\\\/policy-and-practice-informatics-education-action-plans\",\"title\":\"Akcijski planovi politika i praksi informati\\u010dkog obrazovanja\"}}],\"source\":{\"props\":{\"_condition\":{\"filters\":{\"condition\":\"!!\"},\"name\":\"title\"}}},\"name\":\"Resources - Grid slider\"},{\"type\":\"button\",\"props\":{\"grid_column_gap\":\"small\",\"grid_row_gap\":\"small\",\"margin\":\"default\",\"text_align\":\"center\"},\"children\":[{\"type\":\"button_item\",\"props\":{\"button_style\":\"text\",\"content\":\"Pogledaj sve\",\"icon_align\":\"left\",\"link\":\"hr\\\/resources\\\/\"},\"source\":{\"props\":{\"_condition\":{\"filters\":{\"condition\":\">\",\"condition_value\":\"1\"},\"name\":\"count\"}}}}]}]}]}]}],\"version\":\"4.3.8\"} --><\/p>\n","protected":false},"excerpt":{"rendered":"<p>TINKER Unaprje\u0111enje pou\u010davanja informatike za poticanje autenti\u010dnog u\u010denja i rodne uklju\u010divosti u tom podru\u010dju Pro\u010ditajte vi\u0161e Izvori TINKER radni okvir i alati Read more Transnacionalno..<\/p>\n","protected":false},"author":1,"featured_media":0,"parent":0,"menu_order":0,"comment_status":"closed","ping_status":"closed","template":"","meta":{"_acf_changed":false,"inline_featured_image":false,"footnotes":""},"class_list":["post-1382","page","type-page","status-publish","hentry"],"acf":[],"_links":{"self":[{"href":"https:\/\/tinker-project.eu\/hr\/wp-json\/wp\/v2\/pages\/1382","targetHints":{"allow":["GET"]}}],"collection":[{"href":"https:\/\/tinker-project.eu\/hr\/wp-json\/wp\/v2\/pages"}],"about":[{"href":"https:\/\/tinker-project.eu\/hr\/wp-json\/wp\/v2\/types\/page"}],"author":[{"embeddable":true,"href":"https:\/\/tinker-project.eu\/hr\/wp-json\/wp\/v2\/users\/1"}],"replies":[{"embeddable":true,"href":"https:\/\/tinker-project.eu\/hr\/wp-json\/wp\/v2\/comments?post=1382"}],"version-history":[{"count":8,"href":"https:\/\/tinker-project.eu\/hr\/wp-json\/wp\/v2\/pages\/1382\/revisions"}],"predecessor-version":[{"id":1689,"href":"https:\/\/tinker-project.eu\/hr\/wp-json\/wp\/v2\/pages\/1382\/revisions\/1689"}],"wp:attachment":[{"href":"https:\/\/tinker-project.eu\/hr\/wp-json\/wp\/v2\/media?parent=1382"}],"curies":[{"name":"wp","href":"https:\/\/api.w.org\/{rel}","templated":true}]}}