{"id":1401,"date":"2022-02-24T14:11:37","date_gmt":"2022-02-24T12:11:37","guid":{"rendered":"https:\/\/tinker-project.eu\/elearning\/"},"modified":"2026-04-22T10:09:02","modified_gmt":"2026-04-22T07:09:02","slug":"elearning","status":"publish","type":"page","link":"https:\/\/tinker-project.eu\/hr\/elearning\/","title":{"rendered":"eLearning"},"content":{"rendered":"<div>Projekt, zalo\u017een\u00fd na principech autentick\u00e9ho u\u010den\u00ed, povzbuzuje studenty k zapojen\u00ed do \u00fakol\u016f z re\u00e1ln\u00e9ho \u017eivota, podporuje zkoum\u00e1n\u00ed a z\u00e1m\u011brn\u00e9 propojen\u00ed mezi teoretick\u00fdmi znalostmi a praktick\u00fdmi zku\u0161enostmi. Tento pedagogick\u00fd p\u0159\u00edstup je v souladu s nejnov\u011bj\u0161\u00ed zpr\u00e1vou JRC, kter\u00e1 zd\u016fraz\u0148uje d\u016fle\u017eitost \u0159e\u0161en\u00ed probl\u00e9m\u016f a tvorby produkt\u016f v osnov\u00e1ch informatiky, a z\u00e1rove\u0148 p\u0159isp\u00edv\u00e1 k c\u00edli EU, kter\u00fdm je zajistit, aby do roku 2030 m\u011blo 80 % dosp\u011bl\u00fdch z\u00e1kladn\u00ed digit\u00e1ln\u00ed dovednosti a aby v \u010dlensk\u00fdch st\u00e1tech existovalo 20 milion\u016f specialist\u016f v oblasti informa\u010dn\u00edch a komunika\u010dn\u00edch technologi\u00ed.<\/div>\n<p><p>\n        <a href=\"https:\/\/tinkerlms.ucd.ie\/\">N\u00e1v\u0161t\u011bva<\/a>\n    <\/p>\n<\/p>\n<p><img decoding=\"async\" src=\"\/wp-content\/uploads\/2024\/04\/narrow-plant-elearning.svg\" alt=\"\"><\/p>\n<p><!--more--><br \/>\n<!-- {\"type\":\"layout\",\"children\":[{\"type\":\"section\",\"props\":{\"animation\":\"fade\",\"animation_delay\":\"300\",\"height\":\"section\",\"image_position\":\"center-center\",\"padding_bottom\":\"small\",\"padding_top\":\"small\",\"style\":\"default\",\"title_breakpoint\":\"xl\",\"title_position\":\"top-left\",\"title_rotation\":\"left\",\"vertical_align\":\"\",\"width\":\"large\"},\"children\":[{\"type\":\"row\",\"children\":[{\"type\":\"column\",\"props\":{\"image_position\":\"center-center\",\"position_sticky_breakpoint\":\"m\"},\"children\":[{\"type\":\"headline\",\"props\":{\"css\":\"\\n.el-element {\\n    display: flex;\\n}\\n.el-element::after {\\n  content: '';\\n  width: 60px;\\n  height: 60px;\\n  background-image: url('\/wp-content\/uploads\/2024\/04\/Asset-4headerIcon_elearning-1.svg');\\n  background-size: contain;\\n  background-repeat: no-repeat;\\n  background-position: center;\\n  transform: translateX(15px);\\n    scale: 1.1;\\n}\\n\\n@media (max-width: 1100px) {\\n.el-element::after {\\n    display: none;\\n   }\\n}\",\"image_align\":\"left\",\"image_margin\":\"xsmall\",\"title_element\":\"h1\",\"title_style\":\"heading-medium\"},\"source\":{\"query\":{\"name\":\"pages.singlePage\"},\"props\":{\"content\":{\"filters\":{\"search\":\"\"},\"name\":\"title\"}}}}]}],\"props\":{\"width\":\"large\"}},{\"type\":\"row\",\"props\":{\"layout\":\"2-3,1-3\"},\"children\":[{\"type\":\"column\",\"props\":{\"image_position\":\"center-center\",\"position_sticky_breakpoint\":\"m\",\"width_medium\":\"2-3\"},\"children\":[{\"type\":\"text\",\"props\":{\"column_breakpoint\":\"m\",\"content\":\"Projekt, zalo\u017een\u00fd na principech autentick\u00e9ho u\u010den\u00ed, povzbuzuje studenty k zapojen\u00ed do \u00fakol\u016f z re\u00e1ln\u00e9ho \u017eivota, podporuje zkoum\u00e1n\u00ed a z\u00e1m\u011brn\u00e9 propojen\u00ed mezi teoretick\u00fdmi znalostmi a praktick\u00fdmi zku\u0161enostmi. Tento pedagogick\u00fd p\u0159\u00edstup je v souladu s nejnov\u011bj\u0161\u00ed zpr\u00e1vou JRC, kter\u00e1 zd\u016fraz\u0148uje d\u016fle\u017eitost \u0159e\u0161en\u00ed probl\u00e9m\u016f a tvorby produkt\u016f v osnov\u00e1ch informatiky, a z\u00e1rove\u0148 p\u0159isp\u00edv\u00e1 k c\u00edli EU, kter\u00fdm je zajistit, aby do roku 2030 m\u011blo 80 % dosp\u011bl\u00fdch z\u00e1kladn\u00ed digit\u00e1ln\u00ed dovednosti a aby v \u010dlensk\u00fdch st\u00e1tech existovalo 20 milion\u016f specialist\u016f v oblasti informa\u010dn\u00edch a komunika\u010dn\u00edch technologi\u00ed.\",\"margin_bottom\":\"default\",\"margin_top\":\"default\"}},{\"type\":\"button\",\"props\":{\"grid_column_gap\":\"small\",\"grid_row_gap\":\"small\",\"margin_bottom\":\"default\",\"margin_top\":\"default\"},\"children\":[{\"type\":\"button_item\",\"props\":{\"button_style\":\"primary\",\"content\":\"N\u00e1v\u0161t\u011bva\",\"dialog_layout\":\"modal\",\"dialog_offcanvas_flip\":true,\"icon_align\":\"left\",\"link\":\"https:\/\/tinkerlms.ucd.ie\/\",\"link_target\":true}}]}]},{\"type\":\"column\",\"props\":{\"image_position\":\"center-center\",\"position_sticky_breakpoint\":\"m\",\"width_medium\":\"1-3\"},\"children\":[{\"type\":\"image\",\"props\":{\"image\":\"wp-content\/uploads\/2024\/04\/narrow-plant-elearning.svg\",\"image_svg_color\":\"emphasis\",\"margin_bottom\":\"default\",\"margin_top\":\"default\",\"text_align\":\"center\"}}]}]}]}],\"version\":\"5.0.29\"} --><\/p>\n","protected":false},"excerpt":{"rendered":"<p>Projekt, zalo\u017een\u00fd na principech autentick\u00e9ho u\u010den\u00ed, povzbuzuje studenty k zapojen\u00ed do \u00fakol\u016f z re\u00e1ln\u00e9ho \u017eivota, podporuje zkoum\u00e1n\u00ed a z\u00e1m\u011brn\u00e9 propojen\u00ed mezi teoretick\u00fdmi znalostmi a praktick\u00fdmi..<\/p>\n","protected":false},"author":1,"featured_media":0,"parent":0,"menu_order":0,"comment_status":"closed","ping_status":"closed","template":"","meta":{"_acf_changed":false,"inline_featured_image":false,"footnotes":""},"class_list":["post-1401","page","type-page","status-publish","hentry"],"acf":[],"_links":{"self":[{"href":"https:\/\/tinker-project.eu\/hr\/wp-json\/wp\/v2\/pages\/1401","targetHints":{"allow":["GET"]}}],"collection":[{"href":"https:\/\/tinker-project.eu\/hr\/wp-json\/wp\/v2\/pages"}],"about":[{"href":"https:\/\/tinker-project.eu\/hr\/wp-json\/wp\/v2\/types\/page"}],"author":[{"embeddable":true,"href":"https:\/\/tinker-project.eu\/hr\/wp-json\/wp\/v2\/users\/1"}],"replies":[{"embeddable":true,"href":"https:\/\/tinker-project.eu\/hr\/wp-json\/wp\/v2\/comments?post=1401"}],"version-history":[{"count":2,"href":"https:\/\/tinker-project.eu\/hr\/wp-json\/wp\/v2\/pages\/1401\/revisions"}],"predecessor-version":[{"id":2804,"href":"https:\/\/tinker-project.eu\/hr\/wp-json\/wp\/v2\/pages\/1401\/revisions\/2804"}],"wp:attachment":[{"href":"https:\/\/tinker-project.eu\/hr\/wp-json\/wp\/v2\/media?parent=1401"}],"curies":[{"name":"wp","href":"https:\/\/api.w.org\/{rel}","templated":true}]}}