{"id":1521,"date":"2024-06-25T16:48:05","date_gmt":"2024-06-25T13:48:05","guid":{"rendered":"https:\/\/tinker-project.eu\/resources\/"},"modified":"2026-04-22T11:47:26","modified_gmt":"2026-04-22T08:47:26","slug":"resources","status":"publish","type":"page","link":"https:\/\/tinker-project.eu\/hr\/resources\/","title":{"rendered":"Izvori"},"content":{"rendered":"<ul>\n<li>\n<p>        <img decoding=\"async\" src=\"\/wp-content\/uploads\/2024\/04\/framework-toolkit.svg\" alt=\"framework and toolkit\"><\/p>\n<h3>TINKER radni okvir i alati<\/h3>\n<p><a href=\"\/hr\/resources\/framework-and-toolkit\"><\/a><\/p>\n<\/li>\n<li>\n<p>        <img decoding=\"async\" src=\"\/wp-content\/uploads\/2024\/04\/transnational-report.svg\" alt=\"transnational-report\"><\/p>\n<h3>Transnacionalno izvje\u0161\u0107e o stanju i potrebama<\/h3>\n<p><a href=\"\/hr\/resources\/transnational-report-on-state-of-the-art-and-needs\/\"><\/a><\/p>\n<\/li>\n<li>\n<p>        <img decoding=\"async\" src=\"\/wp-content\/uploads\/2024\/04\/trainers-handbook.svg\" alt=\"resources\/tinker-trainers-handbook\"><\/p>\n<h3>TINKER priru\u010dnik za trenere<\/h3>\n<p><a href=\"\/hr\/resources\/tinker-trainers-handbook\"><\/a><\/p>\n<\/li>\n<li>\n<p>        <img decoding=\"async\" src=\"\/wp-content\/uploads\/2024\/04\/TINKER-training-courses.svg\" alt=\"TINKER training courses\"><\/p>\n<h3>TINKER te\u010dajevi<\/h3>\n<p><a href=\"\/hr\/resources\/tinker-training-courses\"><\/a><\/p>\n<\/li>\n<li>\n<p>        <img decoding=\"async\" src=\"\/wp-content\/uploads\/2024\/04\/TINKER_digital_repository-1.svg\" alt=\"TINKER_digital_repository\"><\/p>\n<h3>TINKER digitalni repozitorij<\/h3>\n<p><a href=\"https:\/\/tinkeroer.ucd.ie\/\"><\/a><\/p>\n<\/li>\n<li>\n<p>        <img decoding=\"async\" src=\"\/wp-content\/uploads\/2024\/04\/Policy-and-practice-infomatics-1.svg\" alt=\"Policy-and-practice-informatics\"><\/p>\n<h3>Akcijski planovi politika i praksi informati\u010dkog obrazovanja<\/h3>\n<p><a href=\"\/hr\/resources\/policy-and-practice-informatics-education-action-plans\"><\/a><\/p>\n<\/li>\n<\/ul>\n<p><!--more--><br \/>\n<!-- {\"type\":\"layout\",\"children\":[{\"type\":\"section\",\"props\":{\"animation\":\"slide-bottom-medium\",\"animation_delay\":\"300\",\"image_position\":\"center-center\",\"padding_bottom\":\"small\",\"padding_top\":\"small\",\"style\":\"default\",\"title_breakpoint\":\"xl\",\"title_position\":\"top-left\",\"title_rotation\":\"left\",\"vertical_align\":\"\",\"width\":\"large\"},\"children\":[{\"type\":\"row\",\"children\":[{\"type\":\"column\",\"props\":{\"image_position\":\"center-center\",\"position_sticky_breakpoint\":\"m\"},\"children\":[{\"type\":\"headline\",\"props\":{\"css\":\"\\n\\n.el-element {\\n    display: flex;\\n}\\n.el-element::after {\\n  content: '';\\n  width: 60px;\\n  height: 60px;\\n  background-image: url('\/wp-content\/uploads\/2024\/04\/Asset-5headerIcon_resources-1.svg');\\n  background-size: contain;\\n  background-repeat: no-repeat;\\n  background-position: center;\\n  transform: translateX(15px);\\n}\\n\\n@media (max-width: 1000px) {\\n.el-element::after {\\n    display: none;\\n   }\\n}\",\"image_align\":\"left\",\"image_margin\":\"xsmall\",\"text_align\":\"left\",\"title_element\":\"h1\",\"title_style\":\"heading-medium\"},\"source\":{\"query\":{\"name\":\"pages.singlePage\"},\"props\":{\"content\":{\"filters\":{\"search\":\"\"},\"name\":\"title\"}}}}]}]},{\"type\":\"row\",\"children\":[{\"type\":\"column\",\"props\":{\"image_position\":\"center-center\",\"position_sticky_breakpoint\":\"m\"},\"children\":[{\"type\":\"grid\",\"props\":{\"block_align\":\"center\",\"class\":\"DDnews-grid\",\"content_column_breakpoint\":\"m\",\"css\":\".uk-child-width-1-1.uk-child-width-1-3\\\\@m.uk-grid-match.uk-grid {\\n  display: flex;\\n  justify-content: center;\\n}\\n\\n\",\"filter_align\":\"left\",\"filter_all\":true,\"filter_grid_breakpoint\":\"m\",\"filter_grid_width\":\"auto\",\"filter_position\":\"top\",\"filter_style\":\"tab\",\"grid_default\":\"1\",\"grid_large\":\"3\",\"grid_medium\":\"2\",\"grid_small\":\"2\",\"grid_xlarge\":\"3\",\"image_align\":\"bottom\",\"image_grid_breakpoint\":\"m\",\"image_grid_width\":\"1-2\",\"image_svg_color\":\"emphasis\",\"item_animation\":true,\"lightbox_bg_close\":true,\"link_style\":\"secondary\",\"link_text\":\"\",\"margin_bottom\":\"default\",\"margin_top\":\"default\",\"meta_align\":\"below-title\",\"meta_element\":\"div\",\"meta_style\":\"text-meta\",\"panel_link\":true,\"panel_link_hover\":\"true\",\"panel_padding\":\"default\",\"panel_style\":\"card-default\",\"parallax_easing\":\"1\",\"show_content\":false,\"show_hover_image\":true,\"show_hover_video\":true,\"show_image\":true,\"show_link\":true,\"show_meta\":true,\"show_title\":true,\"show_video\":true,\"status\":\"disabled\",\"title_align\":\"top\",\"title_element\":\"h3\",\"title_grid_breakpoint\":\"m\",\"title_grid_width\":\"1-2\",\"title_hover_style\":\"reset\",\"title_style\":\"text-large\"},\"children\":[{\"type\":\"grid_item\",\"source\":{\"query\":{\"name\":\"posts.customPosts\",\"arguments\":{\"terms\":[73],\"category_operator\":\"IN\",\"post_tag_operator\":\"IN\",\"users\":[],\"users_operator\":\"IN\",\"offset\":0,\"limit\":10,\"order\":\"date\",\"order_direction\":\"ASC\"}},\"props\":{\"title\":{\"filters\":{\"search\":\"\"},\"name\":\"title\"},\"content\":{\"filters\":{\"search\":\"\"},\"name\":\"excerpt\"},\"image\":{\"filters\":{\"search\":\"\"},\"name\":\"featuredImage.url\"},\"link\":{\"filters\":{\"search\":\"\"},\"name\":\"link\"}}}}],\"name\":\"Posts grid\"},{\"type\":\"grid\",\"props\":{\"block_align\":\"center\",\"class\":\"DDnews-grid\",\"content_column_breakpoint\":\"m\",\"css\":\".uk-child-width-1-1.uk-child-width-1-3\\\\@m.uk-grid-match.uk-grid {\\n  display: flex;\\n  justify-content: center;\\n}\\n\\n\",\"filter_align\":\"left\",\"filter_all\":true,\"filter_grid_breakpoint\":\"m\",\"filter_grid_width\":\"auto\",\"filter_position\":\"top\",\"filter_style\":\"tab\",\"grid_default\":\"1\",\"grid_large\":\"3\",\"grid_medium\":\"2\",\"grid_small\":\"2\",\"grid_xlarge\":\"3\",\"image_align\":\"bottom\",\"image_grid_breakpoint\":\"m\",\"image_grid_width\":\"1-2\",\"image_svg_color\":\"emphasis\",\"item_animation\":true,\"lightbox_bg_close\":true,\"link_style\":\"secondary\",\"link_text\":\"\",\"margin_bottom\":\"default\",\"margin_top\":\"default\",\"meta_align\":\"below-title\",\"meta_element\":\"div\",\"meta_style\":\"text-meta\",\"panel_link\":true,\"panel_link_hover\":\"true\",\"panel_padding\":\"default\",\"panel_style\":\"card-default\",\"parallax_easing\":\"1\",\"show_content\":false,\"show_hover_image\":true,\"show_hover_video\":true,\"show_image\":true,\"show_link\":true,\"show_meta\":true,\"show_title\":true,\"show_video\":true,\"title_align\":\"top\",\"title_element\":\"h3\",\"title_grid_breakpoint\":\"m\",\"title_grid_width\":\"1-2\",\"title_hover_style\":\"reset\",\"title_style\":\"text-large\"},\"children\":[{\"type\":\"grid_item\",\"props\":{\"image\":\"wp-content\/uploads\/2024\/04\/framework-toolkit.svg\",\"image_alt\":\"framework and toolkit\",\"link\":\"hr\/resources\/framework-and-toolkit\",\"title\":\"TINKER radni okvir i alati\"}},{\"type\":\"grid_item\",\"props\":{\"image\":\"wp-content\/uploads\/2024\/04\/transnational-report.svg\",\"image_alt\":\"transnational-report\",\"link\":\"hr\/resources\/transnational-report-on-state-of-the-art-and-needs\/\",\"title\":\"Transnacionalno izvje\u0161\u0107e o stanju i potrebama\"}},{\"type\":\"grid_item\",\"props\":{\"image\":\"wp-content\/uploads\/2024\/04\/trainers-handbook.svg\",\"image_alt\":\"resources\/tinker-trainers-handbook\",\"link\":\"hr\/resources\/tinker-trainers-handbook\",\"title\":\"TINKER priru\u010dnik za trenere\"}},{\"type\":\"grid_item\",\"props\":{\"image\":\"wp-content\/uploads\/2024\/04\/TINKER-training-courses.svg\",\"image_alt\":\"TINKER training courses\",\"link\":\"hr\/resources\/tinker-training-courses\",\"title\":\"TINKER te\u010dajevi\"}},{\"type\":\"grid_item\",\"props\":{\"id\":\"newTabTinker\",\"image\":\"wp-content\/uploads\/2024\/04\/TINKER_digital_repository-1.svg\",\"image_alt\":\"TINKER_digital_repository\",\"link\":\"https:\/\/tinkeroer.ucd.ie\/\",\"title\":\"TINKER digitalni repozitorij\"}},{\"type\":\"grid_item\",\"props\":{\"image\":\"wp-content\/uploads\/2024\/04\/Policy-and-practice-infomatics-1.svg\",\"image_alt\":\"Policy-and-practice-informatics\",\"link\":\"hr\/resources\/policy-and-practice-informatics-education-action-plans\",\"title\":\"Akcijski planovi politika i praksi informati\u010dkog obrazovanja\"}}]}]}]}],\"name\":\"News\"}],\"version\":\"5.0.29\"} --><\/p>\n","protected":false},"excerpt":{"rendered":"<p>TINKER radni okvir i alati Transnacionalno izvje\u0161\u0107e o stanju i potrebama TINKER priru\u010dnik za trenere TINKER te\u010dajevi TINKER digitalni repozitorij Akcijski planovi politika i praksi..<\/p>\n","protected":false},"author":1,"featured_media":0,"parent":0,"menu_order":0,"comment_status":"closed","ping_status":"closed","template":"","meta":{"_acf_changed":false,"inline_featured_image":false,"footnotes":""},"class_list":["post-1521","page","type-page","status-publish","hentry"],"acf":[],"_links":{"self":[{"href":"https:\/\/tinker-project.eu\/hr\/wp-json\/wp\/v2\/pages\/1521","targetHints":{"allow":["GET"]}}],"collection":[{"href":"https:\/\/tinker-project.eu\/hr\/wp-json\/wp\/v2\/pages"}],"about":[{"href":"https:\/\/tinker-project.eu\/hr\/wp-json\/wp\/v2\/types\/page"}],"author":[{"embeddable":true,"href":"https:\/\/tinker-project.eu\/hr\/wp-json\/wp\/v2\/users\/1"}],"replies":[{"embeddable":true,"href":"https:\/\/tinker-project.eu\/hr\/wp-json\/wp\/v2\/comments?post=1521"}],"version-history":[{"count":4,"href":"https:\/\/tinker-project.eu\/hr\/wp-json\/wp\/v2\/pages\/1521\/revisions"}],"predecessor-version":[{"id":2817,"href":"https:\/\/tinker-project.eu\/hr\/wp-json\/wp\/v2\/pages\/1521\/revisions\/2817"}],"wp:attachment":[{"href":"https:\/\/tinker-project.eu\/hr\/wp-json\/wp\/v2\/media?parent=1521"}],"curies":[{"name":"wp","href":"https:\/\/api.w.org\/{rel}","templated":true}]}}