{"id":1410,"date":"2024-04-15T11:46:26","date_gmt":"2024-04-15T09:46:26","guid":{"rendered":"https:\/\/tinker-project.eu\/european-informatics-education-hub\/"},"modified":"2024-09-04T11:08:20","modified_gmt":"2024-09-04T09:08:20","slug":"european-informatics-education-hub","status":"publish","type":"page","link":"https:\/\/tinker-project.eu\/it\/european-informatics-education-hub\/","title":{"rendered":"European Informatics Education Hub"},"content":{"rendered":"<div>\n<p>Lo European Informatics Education Hub funge da spazio per la collaborazione e la condivisione delle conoscenze. Serve come piattaforma per insegnanti, professioniste e professionisti e organizzazioni per facilitare lo sviluppo di una rete vivace, promuovere nuove connessioni, scambiare idee e stabilire nuove collaborazioni. La nostra mappa interattiva elenca le e i partecipanti e le organizzazioni affiliate coinvolte nel progetto, per mettere in contatto individui e gruppi interessati che la pensano allo stesso modo.<\/p>\n<p>Unitevi a noi nella costruzione di una comunit\u00e0 in cui germogliano le idee, prosperano le connessioni e l&#8217;impatto del progetto TINKER possa estendersi al di l\u00e0 delle sue attivit\u00e0 principali.<\/p>\n<\/div>\n<p><img decoding=\"async\" src=\"\/wp-content\/uploads\/2024\/04\/Asset-8bgHUB-1.svg\" alt=\"\"><\/p>\n<p><!--more--><br \/>\n<!-- {\"type\":\"layout\",\"children\":[{\"type\":\"section\",\"props\":{\"animation\":\"slide-bottom-medium\",\"animation_delay\":\"200\",\"height\":\"section\",\"image_position\":\"center-center\",\"padding\":\"small\",\"padding_remove_horizontal\":false,\"padding_remove_top\":false,\"style\":\"default\",\"title_breakpoint\":\"xl\",\"title_position\":\"top-left\",\"title_rotation\":\"left\",\"vertical_align\":\"\",\"width\":\"large\"},\"children\":[{\"type\":\"row\",\"children\":[{\"type\":\"column\",\"props\":{\"image_position\":\"center-center\",\"position_sticky_breakpoint\":\"m\"},\"children\":[{\"type\":\"headline\",\"props\":{\"css\":\".el-element {\\n    display: flex;\\n}\\n.el-element::after {\\n  content: '';\\n  width: 60px;\\n  height: 60px;\\n  background-image: url('\\\/wp-content\\\/uploads\\\/2024\\\/04\\\/Asset-7headerIcon_InformaticsHUB-1.svg');\\n  background-size: contain;\\n  background-repeat: no-repeat;\\n  background-position: center;\\n  transform: translateX(15px);\\n}\\n\\n@media (max-width: 1000px) {\\n.el-element::after {\\n    display: none;\\n   }\\n}\",\"title_element\":\"h1\",\"title_style\":\"heading-medium\"},\"source\":{\"query\":{\"name\":\"pages.singlePage\"},\"props\":{\"content\":{\"filters\":{\"search\":\"\"},\"name\":\"title\"}}}}]}]},{\"type\":\"row\",\"props\":{\"layout\":\"2-3,1-3\",\"width\":\"large\"},\"children\":[{\"type\":\"column\",\"props\":{\"image_position\":\"center-center\",\"position_sticky_breakpoint\":\"m\",\"width_medium\":\"2-3\"},\"children\":[{\"type\":\"text\",\"props\":{\"column_breakpoint\":\"m\",\"content\":\"\n\n<p>Lo European Informatics Education Hub funge da spazio per la collaborazione e la condivisione delle conoscenze. Serve come piattaforma per insegnanti, professioniste e professionisti e organizzazioni per facilitare lo sviluppo di una rete vivace, promuovere nuove connessioni, scambiare idee e stabilire nuove collaborazioni. La nostra mappa interattiva elenca le e i partecipanti e le organizzazioni affiliate coinvolte nel progetto, per mettere in contatto individui e gruppi interessati che la pensano allo stesso modo.<\\\/p>\\n\\n\n\n<p>Unitevi a noi nella costruzione di una comunit\\u00e0 in cui germogliano le idee, prosperano le connessioni e l'impatto del progetto TINKER possa estendersi al di l\\u00e0 delle sue attivit\\u00e0 principali.<\\\/p>\",\"margin\":\"default\"}}]},{\"type\":\"column\",\"props\":{\"image_position\":\"center-center\",\"position_sticky_breakpoint\":\"m\",\"width_medium\":\"1-3\"},\"children\":[{\"type\":\"image\",\"props\":{\"image\":\"wp-content\\\/uploads\\\/2024\\\/04\\\/Asset-8bgHUB-1.svg\",\"image_focal_point\":\"center-left\",\"image_svg_color\":\"emphasis\",\"margin\":\"default\",\"position\":\"absolute\",\"position_left\":\"-170\",\"position_top\":\"90\",\"text_align\":\"center\",\"visibility\":\"m\"}}]}]}]}],\"version\":\"4.3.8\"} --><\/p>\n","protected":false},"excerpt":{"rendered":"<p>Lo European Informatics Education Hub funge da spazio per la collaborazione e la condivisione delle conoscenze. Serve come piattaforma per insegnanti, professioniste e professionisti e..<\/p>\n","protected":false},"author":1,"featured_media":0,"parent":0,"menu_order":0,"comment_status":"closed","ping_status":"closed","template":"","meta":{"_acf_changed":false,"inline_featured_image":false,"footnotes":""},"class_list":["post-1410","page","type-page","status-publish","hentry"],"acf":[],"_links":{"self":[{"href":"https:\/\/tinker-project.eu\/it\/wp-json\/wp\/v2\/pages\/1410","targetHints":{"allow":["GET"]}}],"collection":[{"href":"https:\/\/tinker-project.eu\/it\/wp-json\/wp\/v2\/pages"}],"about":[{"href":"https:\/\/tinker-project.eu\/it\/wp-json\/wp\/v2\/types\/page"}],"author":[{"embeddable":true,"href":"https:\/\/tinker-project.eu\/it\/wp-json\/wp\/v2\/users\/1"}],"replies":[{"embeddable":true,"href":"https:\/\/tinker-project.eu\/it\/wp-json\/wp\/v2\/comments?post=1410"}],"version-history":[{"count":1,"href":"https:\/\/tinker-project.eu\/it\/wp-json\/wp\/v2\/pages\/1410\/revisions"}],"predecessor-version":[{"id":1803,"href":"https:\/\/tinker-project.eu\/it\/wp-json\/wp\/v2\/pages\/1410\/revisions\/1803"}],"wp:attachment":[{"href":"https:\/\/tinker-project.eu\/it\/wp-json\/wp\/v2\/media?parent=1410"}],"curies":[{"name":"wp","href":"https:\/\/api.w.org\/{rel}","templated":true}]}}